{"id":10,"date":"2025-03-19T18:47:19","date_gmt":"2025-03-19T17:47:19","guid":{"rendered":"https:\/\/magga.fr\/?page_id=10"},"modified":"2025-04-01T15:49:20","modified_gmt":"2025-04-01T13:49:20","slug":"a-propos","status":"publish","type":"page","link":"https:\/\/magga.fr\/index.php\/a-propos\/","title":{"rendered":"\u00c0 propos"},"content":{"rendered":"<div class=\"wp-block-image\">\n<figure class=\"alignleft size-large is-resized\"><img fetchpriority=\"high\" decoding=\"async\" width=\"683\" height=\"1024\" src=\"http:\/\/magga.fr\/wp-content\/uploads\/2025\/03\/Magga-01-683x1024.png\" alt=\"\" class=\"wp-image-134\" style=\"width:279px;height:auto\" srcset=\"https:\/\/magga.fr\/wp-content\/uploads\/2025\/03\/Magga-01-683x1024.png 683w, https:\/\/magga.fr\/wp-content\/uploads\/2025\/03\/Magga-01-200x300.png 200w, https:\/\/magga.fr\/wp-content\/uploads\/2025\/03\/Magga-01-768x1152.png 768w, https:\/\/magga.fr\/wp-content\/uploads\/2025\/03\/Magga-01-1024x1536.png 1024w, https:\/\/magga.fr\/wp-content\/uploads\/2025\/03\/Magga-01-1365x2048.png 1365w\" sizes=\"(max-width: 683px) 100vw, 683px\" \/><\/figure>\n<\/div>\n\n\n<p><strong>Renaud<\/strong> <strong>Bidjeck<\/strong>, n\u00e9 \u00e0 Paris en 1973, est un artiste compositeur-interpr\u00e8te-producteur, <strong>autodidacte<\/strong> dont le parcours artistique a d\u00e9but\u00e9 par le dessin et la BD avant d&#8217;\u00e9voluer vers les arts de rue et la musique.<\/p>\n\n\n\n<p>Sous le nom de <strong>MAGGA<\/strong>, il a explor\u00e9 son identit\u00e9 musicale \u00e0 travers des voyages et des rencontres, qui ont donn\u00e9 naissance \u00e0 son premier album <strong><a href=\"https:\/\/www.youtube.com\/watch?v=T5nvYieVImQ&amp;list=OLAK5uy_lnOUCQrPQX_GvRy-iq3rrevXC490pPOrk\" target=\"_blank\" rel=\"noreferrer noopener\">Changer d\u2019air<\/a><\/strong> en 2005.<\/p>\n\n\n\n<p>Sa musique est enrichie par son imaginaire, ses origines camerounaises et ses exp\u00e9riences.<\/p>\n\n\n\n<p>Il collabore avec le parolier <strong>Fabrice<\/strong> <strong>Debondant<\/strong> sur tous ses albums pour cr\u00e9er une identit\u00e9 po\u00e9tique et originale entre contes et chansons.<\/p>\n\n\n\n<p><\/p>\n\n\n\n<p><\/p>\n\n\n\n<p><strong>MAGGA<\/strong> a sorti un deuxi\u00e8me album, <a href=\"https:\/\/www.youtube.com\/watch?v=O4XUc5llpWY\" target=\"_blank\" rel=\"noreferrer noopener\"><strong>Caravane du d\u00e9sert<\/strong><\/a> en <strong>2008<\/strong>, avec la direction musicale et les arrangements de <strong>Sacha<\/strong> <strong>Morard<\/strong>, puis s\u2019ensuit un troisi\u00e8me : <strong><a href=\"https:\/\/www.youtube.com\/watch?v=3_6FqZhwKBQ\" target=\"_blank\" rel=\"noreferrer noopener\">Soleil Rouge&nbsp;<\/a><\/strong>en <strong>2013<\/strong>, en collaboration avec Antoine Wolff allias <strong>El Rubio<\/strong> (guitare, chant) et <strong>Arnaud Dubroca<\/strong> (percussions).<\/p>\n\n\n\n<p><\/p>\n\n\n\n<p>Cet album est une fusion de la chanson fran\u00e7aise et des musiques du monde, offrant un m\u00e9tissage riche en couleurs et en symboles.<\/p>\n\n\n\n<p><strong>MAGGA<\/strong> et ses musiciens ont pr\u00e9sent\u00e9 leur musique sur diverses sc\u00e8nes parisiennes, notamment L<strong>e New Morning, <\/strong><strong>L<\/strong><strong>a Bellevilloise<\/strong>, <strong>L\u2019Europ\u00e9en, Le Z\u00e8bre de Belleville,<\/strong> et lors du festival <strong>Solidays&nbsp;<\/strong>, et en tourn\u00e9es dans toute la France (Saint-Benoit, Cugan, Cherbourg, Bercelonnette, Biarritz)\u2026<\/p>\n\n\n\n<p>Dans l\u2019attente du quatri\u00e8me album, il vient de sortir un single en <strong>2025<\/strong>, hymne des supporters du stade <strong>Jean<\/strong> <strong>Bouin<\/strong> \u00ab<strong>&nbsp;Paris en rose<\/strong>&nbsp;\u00bb pour le club de rugby du <strong>Stade<\/strong> <strong>fran\u00e7ais<\/strong> (Paris).<\/p>\n\n\n\n<p>&nbsp;\u00c0 noter ses collaborations avec <a href=\"https:\/\/fr.wikipedia.org\/wiki\/France_Gall\" target=\"_blank\" rel=\"noreferrer noopener\">France Gall<\/a>, <a href=\"https:\/\/fr.wikipedia.org\/wiki\/Michel_Jonasz\" target=\"_blank\" rel=\"noreferrer noopener\">Michel Jonasz<\/a>, <a href=\"https:\/\/fr.wikipedia.org\/wiki\/Maurane\" target=\"_blank\" rel=\"noreferrer noopener\">Maurane<\/a> ou encore <a href=\"https:\/\/fr.wikipedia.org\/wiki\/C%C3%A9line_Dion\" target=\"_blank\" rel=\"noreferrer noopener\">C\u00e9line Dion.<\/a><\/p>\n\n\n\n<p><\/p>\n","protected":false},"excerpt":{"rendered":"<p>Renaud Bidjeck, n\u00e9 \u00e0 Paris en 1973, est un artiste compositeur-interpr\u00e8te-producteur, autodidacte dont le parcours artistique a d\u00e9but\u00e9 par le dessin et la BD avant d&#8217;\u00e9voluer vers les arts de rue et la musique. Sous le nom de MAGGA, il a explor\u00e9 son identit\u00e9 musicale \u00e0 travers des voyages et des rencontres, qui ont donn\u00e9 [&hellip;]<\/p>\n","protected":false},"author":1,"featured_media":0,"parent":0,"menu_order":0,"comment_status":"closed","ping_status":"closed","template":"","meta":{"footnotes":""},"class_list":["post-10","page","type-page","status-publish","czr-hentry"],"_links":{"self":[{"href":"https:\/\/magga.fr\/index.php\/wp-json\/wp\/v2\/pages\/10","targetHints":{"allow":["GET"]}}],"collection":[{"href":"https:\/\/magga.fr\/index.php\/wp-json\/wp\/v2\/pages"}],"about":[{"href":"https:\/\/magga.fr\/index.php\/wp-json\/wp\/v2\/types\/page"}],"author":[{"embeddable":true,"href":"https:\/\/magga.fr\/index.php\/wp-json\/wp\/v2\/users\/1"}],"replies":[{"embeddable":true,"href":"https:\/\/magga.fr\/index.php\/wp-json\/wp\/v2\/comments?post=10"}],"version-history":[{"count":13,"href":"https:\/\/magga.fr\/index.php\/wp-json\/wp\/v2\/pages\/10\/revisions"}],"predecessor-version":[{"id":579,"href":"https:\/\/magga.fr\/index.php\/wp-json\/wp\/v2\/pages\/10\/revisions\/579"}],"wp:attachment":[{"href":"https:\/\/magga.fr\/index.php\/wp-json\/wp\/v2\/media?parent=10"}],"curies":[{"name":"wp","href":"https:\/\/api.w.org\/{rel}","templated":true}]}}