{"id":12,"date":"2025-03-19T18:47:50","date_gmt":"2025-03-19T17:47:50","guid":{"rendered":"https:\/\/magga.fr\/?page_id=12"},"modified":"2025-03-20T17:40:15","modified_gmt":"2025-03-20T16:40:15","slug":"videos","status":"publish","type":"page","link":"https:\/\/magga.fr\/index.php\/videos\/","title":{"rendered":"Vid\u00e9os"},"content":{"rendered":"\n<p>Interview de TVPI, t\u00e9l\u00e9vion locale au Pays basque de mon concert au Colis\u00e9e \u00e0 Biarritz, accompagn\u00e9 par le groupe <a href=\"https:\/\/www.facebook.com\/groups\/1243398802806107\" target=\"_blank\" rel=\"noreferrer noopener\">Soulfolk&#8217;s brothers<\/a>.<\/p>\n\n\n\n<figure class=\"wp-block-video\"><video height=\"480\" style=\"aspect-ratio: 852 \/ 480;\" width=\"852\" controls poster=\"http:\/\/magga.fr\/wp-content\/uploads\/2025\/03\/Salut_Colisee.jpg\" src=\"http:\/\/magga.fr\/wp-content\/uploads\/2025\/03\/TVPI.mp4\" playsinline><\/video><\/figure>\n\n\n\n<p><\/p>\n\n\n\n<p><\/p>\n","protected":false},"excerpt":{"rendered":"<p>Interview de TVPI, t\u00e9l\u00e9vion locale au Pays basque de mon concert au Colis\u00e9e \u00e0 Biarritz, accompagn\u00e9 par le groupe Soulfolk&#8217;s brothers.<\/p>\n","protected":false},"author":1,"featured_media":175,"parent":0,"menu_order":0,"comment_status":"closed","ping_status":"closed","template":"","meta":{"footnotes":""},"class_list":["post-12","page","type-page","status-publish","has-post-thumbnail","czr-hentry"],"_links":{"self":[{"href":"https:\/\/magga.fr\/index.php\/wp-json\/wp\/v2\/pages\/12","targetHints":{"allow":["GET"]}}],"collection":[{"href":"https:\/\/magga.fr\/index.php\/wp-json\/wp\/v2\/pages"}],"about":[{"href":"https:\/\/magga.fr\/index.php\/wp-json\/wp\/v2\/types\/page"}],"author":[{"embeddable":true,"href":"https:\/\/magga.fr\/index.php\/wp-json\/wp\/v2\/users\/1"}],"replies":[{"embeddable":true,"href":"https:\/\/magga.fr\/index.php\/wp-json\/wp\/v2\/comments?post=12"}],"version-history":[{"count":10,"href":"https:\/\/magga.fr\/index.php\/wp-json\/wp\/v2\/pages\/12\/revisions"}],"predecessor-version":[{"id":178,"href":"https:\/\/magga.fr\/index.php\/wp-json\/wp\/v2\/pages\/12\/revisions\/178"}],"wp:featuredmedia":[{"embeddable":true,"href":"https:\/\/magga.fr\/index.php\/wp-json\/wp\/v2\/media\/175"}],"wp:attachment":[{"href":"https:\/\/magga.fr\/index.php\/wp-json\/wp\/v2\/media?parent=12"}],"curies":[{"name":"wp","href":"https:\/\/api.w.org\/{rel}","templated":true}]}}